{"id":2385,"date":"2023-12-19T21:25:27","date_gmt":"2023-12-19T21:25:27","guid":{"rendered":"https:\/\/marekwarski.pl\/?page_id=2385"},"modified":"2026-04-15T09:38:41","modified_gmt":"2026-04-15T09:38:41","slug":"jak-pracuje","status":"publish","type":"page","link":"https:\/\/marekwarski.pl\/?page_id=2385","title":{"rendered":"Jak pracuj\u0119"},"content":{"rendered":"\t\t<div data-elementor-type=\"wp-page\" data-elementor-id=\"2385\" class=\"elementor elementor-2385\">\n\t\t\t\t<div class=\"elementor-element elementor-element-167a48b e-flex e-con-boxed e-con e-parent\" data-id=\"167a48b\" data-element_type=\"container\" data-e-type=\"container\" data-settings=\"{&quot;background_background&quot;:&quot;classic&quot;}\">\n\t\t\t\t\t<div class=\"e-con-inner\">\n\t\t<div class=\"elementor-element elementor-element-7db74e1 e-con-full e-flex e-con e-child\" data-id=\"7db74e1\" data-element_type=\"container\" data-e-type=\"container\">\n\t\t\t\t<div class=\"elementor-element elementor-element-0c8210c elementor-widget elementor-widget-heading\" data-id=\"0c8210c\" data-element_type=\"widget\" data-e-type=\"widget\" data-widget_type=\"heading.default\">\n\t\t\t\t<div class=\"elementor-widget-container\">\n\t\t\t\t\t<h1 class=\"elementor-heading-title elementor-size-default\">jak pracuj\u0119 - <br>etyka, <br>poufno\u015b\u0107, <br>rodo<\/h1>\t\t\t\t<\/div>\n\t\t\t\t<\/div>\n\t\t\t\t<\/div>\n\t\t\t\t\t<\/div>\n\t\t\t\t<\/div>\n\t\t<div class=\"elementor-element elementor-element-dba96cb e-flex e-con-boxed e-con e-parent\" data-id=\"dba96cb\" data-element_type=\"container\" data-e-type=\"container\">\n\t\t\t\t\t<div class=\"e-con-inner\">\n\t\t<div class=\"elementor-element elementor-element-1cbb327 e-flex e-con-boxed e-con e-child\" data-id=\"1cbb327\" data-element_type=\"container\" data-e-type=\"container\">\n\t\t\t\t\t<div class=\"e-con-inner\">\n\t\t\t\t<div class=\"elementor-element elementor-element-a01b6bc elementor-widget-divider--view-line elementor-widget elementor-widget-divider\" data-id=\"a01b6bc\" data-element_type=\"widget\" data-e-type=\"widget\" data-widget_type=\"divider.default\">\n\t\t\t\t<div class=\"elementor-widget-container\">\n\t\t\t\t\t\t\t<div class=\"elementor-divider\">\n\t\t\t<span class=\"elementor-divider-separator\">\n\t\t\t\t\t\t<\/span>\n\t\t<\/div>\n\t\t\t\t\t\t<\/div>\n\t\t\t\t<\/div>\n\t\t\t\t\t<\/div>\n\t\t\t\t<\/div>\n\t\t\t\t\t<\/div>\n\t\t\t\t<\/div>\n\t\t<div class=\"elementor-element elementor-element-8e594dd e-flex e-con-boxed e-con e-parent\" data-id=\"8e594dd\" data-element_type=\"container\" data-e-type=\"container\">\n\t\t\t\t\t<div class=\"e-con-inner\">\n\t\t<div class=\"elementor-element elementor-element-3541633 e-con-full e-flex e-con e-child\" data-id=\"3541633\" data-element_type=\"container\" data-e-type=\"container\">\n\t\t\t\t<div class=\"elementor-element elementor-element-35d3c23 elementor-widget elementor-widget-image\" data-id=\"35d3c23\" data-element_type=\"widget\" data-e-type=\"widget\" data-widget_type=\"image.default\">\n\t\t\t\t<div class=\"elementor-widget-container\">\n\t\t\t\t\t\t\t\t\t\t\t\t\t\t\t<img fetchpriority=\"high\" decoding=\"async\" width=\"318\" height=\"354\" src=\"https:\/\/marekwarski.pl\/wp-content\/uploads\/2023\/12\/do-lasu-2.jpg\" class=\"attachment-large size-large wp-image-1856\" alt=\"\" srcset=\"https:\/\/marekwarski.pl\/wp-content\/uploads\/2023\/12\/do-lasu-2.jpg 318w, https:\/\/marekwarski.pl\/wp-content\/uploads\/2023\/12\/do-lasu-2-269x300.jpg 269w\" sizes=\"(max-width: 318px) 100vw, 318px\" \/>\t\t\t\t\t\t\t\t\t\t\t\t\t\t\t<\/div>\n\t\t\t\t<\/div>\n\t\t\t\t<\/div>\n\t\t<div class=\"elementor-element elementor-element-564fa17 e-con-full e-flex e-con e-child\" data-id=\"564fa17\" data-element_type=\"container\" data-e-type=\"container\">\n\t\t\t\t<div class=\"elementor-element elementor-element-31003f7 elementor-widget elementor-widget-heading\" data-id=\"31003f7\" data-element_type=\"widget\" data-e-type=\"widget\" data-widget_type=\"heading.default\">\n\t\t\t\t<div class=\"elementor-widget-container\">\n\t\t\t\t\t<h3 class=\"elementor-heading-title elementor-size-default\">Jak pracuj\u0119 - psychoterapia w praktyce<\/h3>\t\t\t\t<\/div>\n\t\t\t\t<\/div>\n\t\t\t\t<div class=\"elementor-element elementor-element-947adb5 elementor-widget elementor-widget-text-editor\" data-id=\"947adb5\" data-element_type=\"widget\" data-e-type=\"widget\" data-widget_type=\"text-editor.default\">\n\t\t\t\t<div class=\"elementor-widget-container\">\n\t\t\t\t\t\t\t\t\t<p>Ka\u017cda sesja terapeutyczna trwa 50 minut. Ilo\u015b\u0107 sesji w tygodniu zale\u017cy od konkretnego zaburzenia, z jakim pacjent zg\u0142asza si\u0119 na terapi\u0119. Najcz\u0119\u015bciej jest to jedna sesja na tydzie\u0144, cho\u0107 bywaj\u0105 problemy, dla kt\u00f3rych wskazane jest spotykanie si\u0119 na dw\u00f3ch sesjach w tygodniu.<\/p><p>\u00a0<\/p><p>Na pierwszych do 3-4 sesjach pacjent opowiada o obszarach w kt\u00f3rych do\u015bwiadcza trudno\u015bci tak, aby m\u00f3c okre\u015bli\u0107 g\u0142\u00f3wny cel terapii. W tym czasie zar\u00f3wno pacjent jak i terapeuta mog\u0105 pozna\u0107 si\u0119 na tyle, aby zdecydowa\u0107 o ch\u0119ci do dalszej wsp\u00f3lnej pracy, kt\u00f3ra ostatecznie b\u0119dzie mog\u0142a pom\u00f3c pacjentowi wprowadzi\u0107 zmiany w swoim wewn\u0119trznym \u015bwiecie tak, aby prze\u0142o\u017cy\u0142y si\u0119 one na zwyk\u0142\u0105 codzienno\u015b\u0107.<\/p>\t\t\t\t\t\t\t\t<\/div>\n\t\t\t\t<\/div>\n\t\t\t\t<\/div>\n\t\t\t\t\t<\/div>\n\t\t\t\t<\/div>\n\t\t<div class=\"elementor-element elementor-element-88f21a4 e-flex e-con-boxed e-con e-parent\" data-id=\"88f21a4\" data-element_type=\"container\" data-e-type=\"container\">\n\t\t\t\t\t<div class=\"e-con-inner\">\n\t\t<div class=\"elementor-element elementor-element-2a527e9 e-flex e-con-boxed e-con e-child\" data-id=\"2a527e9\" data-element_type=\"container\" data-e-type=\"container\">\n\t\t\t\t\t<div class=\"e-con-inner\">\n\t\t\t\t<div class=\"elementor-element elementor-element-4b7c416 elementor-widget-divider--view-line elementor-widget elementor-widget-divider\" data-id=\"4b7c416\" data-element_type=\"widget\" data-e-type=\"widget\" data-widget_type=\"divider.default\">\n\t\t\t\t<div class=\"elementor-widget-container\">\n\t\t\t\t\t\t\t<div class=\"elementor-divider\">\n\t\t\t<span class=\"elementor-divider-separator\">\n\t\t\t\t\t\t<\/span>\n\t\t<\/div>\n\t\t\t\t\t\t<\/div>\n\t\t\t\t<\/div>\n\t\t\t\t\t<\/div>\n\t\t\t\t<\/div>\n\t\t\t\t\t<\/div>\n\t\t\t\t<\/div>\n\t\t<div class=\"elementor-element elementor-element-2a375c3 e-flex e-con-boxed e-con e-parent\" data-id=\"2a375c3\" data-element_type=\"container\" data-e-type=\"container\">\n\t\t\t\t\t<div class=\"e-con-inner\">\n\t\t<div class=\"elementor-element elementor-element-e8dbee3 e-con-full e-flex e-con e-child\" data-id=\"e8dbee3\" data-element_type=\"container\" data-e-type=\"container\">\n\t\t\t\t<div class=\"elementor-element elementor-element-7f3e835 elementor-widget elementor-widget-heading\" data-id=\"7f3e835\" data-element_type=\"widget\" data-e-type=\"widget\" data-widget_type=\"heading.default\">\n\t\t\t\t<div class=\"elementor-widget-container\">\n\t\t\t\t\t<h3 class=\"elementor-heading-title elementor-size-default\">Etyka pracy, poufno\u015b\u0107 oraz RODO<\/h3>\t\t\t\t<\/div>\n\t\t\t\t<\/div>\n\t\t\t\t<div class=\"elementor-element elementor-element-7f97ad9 elementor-widget elementor-widget-text-editor\" data-id=\"7f97ad9\" data-element_type=\"widget\" data-e-type=\"widget\" data-widget_type=\"text-editor.default\">\n\t\t\t\t<div class=\"elementor-widget-container\">\n\t\t\t\t\t\t\t\t\t<p>W swojej pracy jako terapeuta stosuj\u0119 Kodeks Etyczny Polskiego Towarzystwa Psychiatrycznego. Jestem \u015bwiadomy tego jak wa\u017cne w procesie terapeutycznym jest poczucie bezpiecze\u0144stwa wynikaj\u0105ce z faktu, \u017ce pacjent poddaj\u0105cy analizie swoje \u017cycie wewn\u0119trzne ma zapewnienie pe\u0142nej dyskrecji.<\/p><p>\u00a0<\/p><p>Dlatego ka\u017cdego zg\u0142aszaj\u0105cego si\u0119 do mnie pacjenta lecz\u0119 z szacunkiem oraz w poszanowaniu wszystkich zg\u0142aszanych temat\u00f3w. Bez pisemnej zgody pacjenta nigdy nie ujawniam omawianych z nim spraw osobom trzecim, w tym rodzinie.<\/p><p>\u00a0<\/p><p>Procedury wynikaj\u0105ce z polityki pozyskiwania, przetwarzania i przechowywania danych osobowych RODO obowi\u0105zuj\u0105 od dnia 1.10.2023 i dost\u0119pne s\u0105 do zapoznania si\u0119 i zaakceptowania dla ka\u017cdego pacjenta.<\/p>\t\t\t\t\t\t\t\t<\/div>\n\t\t\t\t<\/div>\n\t\t\t\t<\/div>\n\t\t<div class=\"elementor-element elementor-element-1bcdcab e-con-full e-flex e-con e-child\" data-id=\"1bcdcab\" data-element_type=\"container\" data-e-type=\"container\">\n\t\t\t\t<div class=\"elementor-element elementor-element-b7b27e5 elementor-widget elementor-widget-image\" data-id=\"b7b27e5\" data-element_type=\"widget\" data-e-type=\"widget\" data-widget_type=\"image.default\">\n\t\t\t\t<div class=\"elementor-widget-container\">\n\t\t\t\t\t\t\t\t\t\t\t\t\t\t\t<img decoding=\"async\" width=\"1024\" height=\"685\" src=\"https:\/\/marekwarski.pl\/wp-content\/uploads\/2023\/12\/DSC07748-1024x685.jpg\" class=\"attachment-large size-large wp-image-1893\" alt=\"\" srcset=\"https:\/\/marekwarski.pl\/wp-content\/uploads\/2023\/12\/DSC07748-1024x685.jpg 1024w, https:\/\/marekwarski.pl\/wp-content\/uploads\/2023\/12\/DSC07748-300x201.jpg 300w, https:\/\/marekwarski.pl\/wp-content\/uploads\/2023\/12\/DSC07748-768x514.jpg 768w, https:\/\/marekwarski.pl\/wp-content\/uploads\/2023\/12\/DSC07748-1536x1028.jpg 1536w, https:\/\/marekwarski.pl\/wp-content\/uploads\/2023\/12\/DSC07748-2048x1371.jpg 2048w\" sizes=\"(max-width: 1024px) 100vw, 1024px\" \/>\t\t\t\t\t\t\t\t\t\t\t\t\t\t\t<\/div>\n\t\t\t\t<\/div>\n\t\t\t\t<\/div>\n\t\t\t\t\t<\/div>\n\t\t\t\t<\/div>\n\t\t<div class=\"elementor-element elementor-element-55d1e96 e-flex e-con-boxed e-con e-parent\" data-id=\"55d1e96\" data-element_type=\"container\" data-e-type=\"container\">\n\t\t\t\t\t<div class=\"e-con-inner\">\n\t\t<div class=\"elementor-element elementor-element-af49f3a e-flex e-con-boxed e-con e-child\" data-id=\"af49f3a\" data-element_type=\"container\" data-e-type=\"container\">\n\t\t\t\t\t<div class=\"e-con-inner\">\n\t\t\t\t<div class=\"elementor-element elementor-element-42d19f1 elementor-widget-divider--view-line elementor-widget elementor-widget-divider\" data-id=\"42d19f1\" data-element_type=\"widget\" data-e-type=\"widget\" data-widget_type=\"divider.default\">\n\t\t\t\t<div class=\"elementor-widget-container\">\n\t\t\t\t\t\t\t<div class=\"elementor-divider\">\n\t\t\t<span class=\"elementor-divider-separator\">\n\t\t\t\t\t\t<\/span>\n\t\t<\/div>\n\t\t\t\t\t\t<\/div>\n\t\t\t\t<\/div>\n\t\t\t\t\t<\/div>\n\t\t\t\t<\/div>\n\t\t\t\t\t<\/div>\n\t\t\t\t<\/div>\n\t\t<div class=\"elementor-element elementor-element-4f9a815 e-flex e-con-boxed e-con e-parent\" data-id=\"4f9a815\" data-element_type=\"container\" data-e-type=\"container\">\n\t\t\t\t\t<div class=\"e-con-inner\">\n\t\t<div class=\"elementor-element elementor-element-51837b4 e-con-full e-flex e-con e-child\" data-id=\"51837b4\" data-element_type=\"container\" data-e-type=\"container\">\n\t\t\t\t<div class=\"elementor-element elementor-element-2d9ddcc elementor-widget elementor-widget-image\" data-id=\"2d9ddcc\" data-element_type=\"widget\" data-e-type=\"widget\" data-widget_type=\"image.default\">\n\t\t\t\t<div class=\"elementor-widget-container\">\n\t\t\t\t\t\t\t\t\t\t\t\t\t\t\t<img decoding=\"async\" width=\"1024\" height=\"768\" src=\"https:\/\/marekwarski.pl\/wp-content\/uploads\/2023\/12\/P1130979-1024x768.jpg\" class=\"attachment-large size-large wp-image-1896\" alt=\"\" srcset=\"https:\/\/marekwarski.pl\/wp-content\/uploads\/2023\/12\/P1130979-1024x768.jpg 1024w, https:\/\/marekwarski.pl\/wp-content\/uploads\/2023\/12\/P1130979-300x225.jpg 300w, https:\/\/marekwarski.pl\/wp-content\/uploads\/2023\/12\/P1130979-768x576.jpg 768w, https:\/\/marekwarski.pl\/wp-content\/uploads\/2023\/12\/P1130979-1536x1152.jpg 1536w, https:\/\/marekwarski.pl\/wp-content\/uploads\/2023\/12\/P1130979-2048x1536.jpg 2048w\" sizes=\"(max-width: 1024px) 100vw, 1024px\" \/>\t\t\t\t\t\t\t\t\t\t\t\t\t\t\t<\/div>\n\t\t\t\t<\/div>\n\t\t\t\t<\/div>\n\t\t<div class=\"elementor-element elementor-element-34ac031 e-con-full e-flex e-con e-child\" data-id=\"34ac031\" data-element_type=\"container\" data-e-type=\"container\">\n\t\t\t\t<div class=\"elementor-element elementor-element-248e635 elementor-widget elementor-widget-heading\" data-id=\"248e635\" data-element_type=\"widget\" data-e-type=\"widget\" data-widget_type=\"heading.default\">\n\t\t\t\t<div class=\"elementor-widget-container\">\n\t\t\t\t\t<h3 class=\"elementor-heading-title elementor-size-default\">Superwizja<\/h3>\t\t\t\t<\/div>\n\t\t\t\t<\/div>\n\t\t\t\t<div class=\"elementor-element elementor-element-75454f1 elementor-widget elementor-widget-text-editor\" data-id=\"75454f1\" data-element_type=\"widget\" data-e-type=\"widget\" data-widget_type=\"text-editor.default\">\n\t\t\t\t<div class=\"elementor-widget-container\">\n\t\t\t\t\t\t\t\t\t<p>Pragn\u0105c zachowywa\u0107 jak najwy\u017csze standardy pracy jako psychoterapeuta, swoj\u0105 praktyk\u0119 poddaj\u0119 regularnej superwizji, zar\u00f3wno w trybie indywidualnym jak i grupowym. Moimi superwizorami s\u0105 do\u015bwiadczeni psychoterapeuci posiadaj\u0105cy certyfikaty superwizora Polskiego Towarzystwa Psychiatrycznego.<\/p><p>Superwizja jest procesem, kt\u00f3ry dzi\u0119ki mo\u017cliwo\u015bci czerpania wiedzy od bardziej do\u015bwiadczonych terapeut\u00f3w, pozwala mi wci\u0105\u017c uczy\u0107 si\u0119 lepszego rozumienia procesu terapii, wzbogacania swoich umiej\u0119tno\u015bci i do\u015bwiadczenia. Jest to integralna cz\u0119\u015b\u0107 zawodu psychoterapeuty, kt\u00f3ra s\u0142u\u017cy zar\u00f3wno jemu samemu, ale tak\u017ce wszystkim zg\u0142aszaj\u0105cym si\u0119 po pomoc pacjentom.<\/p>\t\t\t\t\t\t\t\t<\/div>\n\t\t\t\t<\/div>\n\t\t\t\t<\/div>\n\t\t\t\t\t<\/div>\n\t\t\t\t<\/div>\n\t\t<div class=\"elementor-element elementor-element-8c1787a e-flex e-con-boxed e-con e-parent\" data-id=\"8c1787a\" data-element_type=\"container\" data-e-type=\"container\">\n\t\t\t\t\t<div class=\"e-con-inner\">\n\t\t<div class=\"elementor-element elementor-element-242d7a8 e-flex e-con-boxed e-con e-child\" data-id=\"242d7a8\" data-element_type=\"container\" data-e-type=\"container\">\n\t\t\t\t\t<div class=\"e-con-inner\">\n\t\t\t\t<div class=\"elementor-element elementor-element-28e8186 elementor-widget-divider--view-line elementor-widget elementor-widget-divider\" data-id=\"28e8186\" data-element_type=\"widget\" data-e-type=\"widget\" data-widget_type=\"divider.default\">\n\t\t\t\t<div class=\"elementor-widget-container\">\n\t\t\t\t\t\t\t<div class=\"elementor-divider\">\n\t\t\t<span class=\"elementor-divider-separator\">\n\t\t\t\t\t\t<\/span>\n\t\t<\/div>\n\t\t\t\t\t\t<\/div>\n\t\t\t\t<\/div>\n\t\t\t\t\t<\/div>\n\t\t\t\t<\/div>\n\t\t\t\t\t<\/div>\n\t\t\t\t<\/div>\n\t\t<div class=\"elementor-element elementor-element-8effc95 e-flex e-con-boxed e-con e-parent\" data-id=\"8effc95\" data-element_type=\"container\" data-e-type=\"container\" data-settings=\"{&quot;background_background&quot;:&quot;classic&quot;}\">\n\t\t\t\t\t<div class=\"e-con-inner\">\n\t\t<div class=\"elementor-element elementor-element-a4c5ca3 e-con-full e-flex e-con e-child\" data-id=\"a4c5ca3\" data-element_type=\"container\" data-e-type=\"container\">\n\t\t\t\t<div class=\"elementor-element elementor-element-9b5b422 elementor-widget elementor-widget-heading\" data-id=\"9b5b422\" data-element_type=\"widget\" data-e-type=\"widget\" data-widget_type=\"heading.default\">\n\t\t\t\t<div class=\"elementor-widget-container\">\n\t\t\t\t\t<h2 class=\"elementor-heading-title elementor-size-default\">ZAPRAszam do kontaktu<\/h2>\t\t\t\t<\/div>\n\t\t\t\t<\/div>\n\t\t\t\t<div class=\"elementor-element elementor-element-22576c8 elementor-widget elementor-widget-text-editor\" data-id=\"22576c8\" data-element_type=\"widget\" data-e-type=\"widget\" data-widget_type=\"text-editor.default\">\n\t\t\t\t<div class=\"elementor-widget-container\">\n\t\t\t\t\t\t\t\t\t<p>je\u015bli jeste\u015b w kryzysie psychicznym, do\u015bwiadczasz trudno\u015bci z kt\u00f3rymi trudno jest poradzi\u0107 sobie w pojedynk\u0119, zapraszam na spotkanie konsultacyjne. Podczas kilku pierwszych spotka\u0144 staram si\u0119 zrozumie\u0107 indywidualne trudno\u015bci ka\u017cdego pacjenta i okre\u015bli\u0107, w jakim stopniu b\u0119d\u0119 w stanie pom\u00f3c w ich zmianie.<\/p>\t\t\t\t\t\t\t\t<\/div>\n\t\t\t\t<\/div>\n\t\t\t\t<div class=\"elementor-element elementor-element-b0b0951 elementor-align-center elementor-widget elementor-widget-button\" data-id=\"b0b0951\" data-element_type=\"widget\" data-e-type=\"widget\" data-widget_type=\"button.default\">\n\t\t\t\t<div class=\"elementor-widget-container\">\n\t\t\t\t\t\t\t\t\t<div class=\"elementor-button-wrapper\">\n\t\t\t\t\t<a class=\"elementor-button elementor-button-link elementor-size-sm\" href=\"https:\/\/marekwarski.pl\/?page_id=16\">\n\t\t\t\t\t\t<span class=\"elementor-button-content-wrapper\">\n\t\t\t\t\t\t\t\t\t<span class=\"elementor-button-text\">Kontakt ze mn\u0105<\/span>\n\t\t\t\t\t<\/span>\n\t\t\t\t\t<\/a>\n\t\t\t\t<\/div>\n\t\t\t\t\t\t\t\t<\/div>\n\t\t\t\t<\/div>\n\t\t\t\t<\/div>\n\t\t\t\t\t<\/div>\n\t\t\t\t<\/div>\n\t\t\t\t<\/div>\n\t\t","protected":false},"excerpt":{"rendered":"<p>jak pracuj\u0119 &#8211; etyka, poufno\u015b\u0107, rodo Jak pracuj\u0119 &#8211; psychoterapia w praktyce Ka\u017cda sesja terapeutyczna trwa 50 minut. Ilo\u015b\u0107 sesji w tygodniu zale\u017cy od konkretnego zaburzenia, z jakim pacjent zg\u0142asza si\u0119 na terapi\u0119. Najcz\u0119\u015bciej jest to jedna sesja na tydzie\u0144, cho\u0107 bywaj\u0105 problemy, dla kt\u00f3rych wskazane jest spotykanie si\u0119 na dw\u00f3ch sesjach w tygodniu. \u00a0 [&hellip;]<\/p>\n","protected":false},"author":1,"featured_media":0,"parent":0,"menu_order":0,"comment_status":"closed","ping_status":"closed","template":"","meta":{"site-sidebar-layout":"no-sidebar","site-content-layout":"page-builder","ast-site-content-layout":"full-width-container","site-content-style":"default","site-sidebar-style":"default","ast-global-header-display":"","ast-banner-title-visibility":"","ast-main-header-display":"","ast-hfb-above-header-display":"","ast-hfb-below-header-display":"","ast-hfb-mobile-header-display":"","site-post-title":"disabled","ast-breadcrumbs-content":"","ast-featured-img":"disabled","footer-sml-layout":"","theme-transparent-header-meta":"","adv-header-id-meta":"","stick-header-meta":"","header-above-stick-meta":"","header-main-stick-meta":"","header-below-stick-meta":"","astra-migrate-meta-layouts":"set","ast-page-background-enabled":"default","ast-page-background-meta":{"desktop":{"background-color":"var(--ast-global-color-4)","background-image":"","background-repeat":"repeat","background-position":"center center","background-size":"auto","background-attachment":"scroll","background-type":"","background-media":"","overlay-type":"","overlay-color":"","overlay-opacity":"","overlay-gradient":""},"tablet":{"background-color":"","background-image":"","background-repeat":"repeat","background-position":"center center","background-size":"auto","background-attachment":"scroll","background-type":"","background-media":"","overlay-type":"","overlay-color":"","overlay-opacity":"","overlay-gradient":""},"mobile":{"background-color":"","background-image":"","background-repeat":"repeat","background-position":"center center","background-size":"auto","background-attachment":"scroll","background-type":"","background-media":"","overlay-type":"","overlay-color":"","overlay-opacity":"","overlay-gradient":""}},"ast-content-background-meta":{"desktop":{"background-color":"var(--ast-global-color-5)","background-image":"","background-repeat":"repeat","background-position":"center center","background-size":"auto","background-attachment":"scroll","background-type":"","background-media":"","overlay-type":"","overlay-color":"","overlay-opacity":"","overlay-gradient":""},"tablet":{"background-color":"var(--ast-global-color-5)","background-image":"","background-repeat":"repeat","background-position":"center center","background-size":"auto","background-attachment":"scroll","background-type":"","background-media":"","overlay-type":"","overlay-color":"","overlay-opacity":"","overlay-gradient":""},"mobile":{"background-color":"var(--ast-global-color-5)","background-image":"","background-repeat":"repeat","background-position":"center center","background-size":"auto","background-attachment":"scroll","background-type":"","background-media":"","overlay-type":"","overlay-color":"","overlay-opacity":"","overlay-gradient":""}},"footnotes":""},"class_list":["post-2385","page","type-page","status-publish","hentry"],"_links":{"self":[{"href":"https:\/\/marekwarski.pl\/index.php?rest_route=\/wp\/v2\/pages\/2385","targetHints":{"allow":["GET"]}}],"collection":[{"href":"https:\/\/marekwarski.pl\/index.php?rest_route=\/wp\/v2\/pages"}],"about":[{"href":"https:\/\/marekwarski.pl\/index.php?rest_route=\/wp\/v2\/types\/page"}],"author":[{"embeddable":true,"href":"https:\/\/marekwarski.pl\/index.php?rest_route=\/wp\/v2\/users\/1"}],"replies":[{"embeddable":true,"href":"https:\/\/marekwarski.pl\/index.php?rest_route=%2Fwp%2Fv2%2Fcomments&post=2385"}],"version-history":[{"count":64,"href":"https:\/\/marekwarski.pl\/index.php?rest_route=\/wp\/v2\/pages\/2385\/revisions"}],"predecessor-version":[{"id":2672,"href":"https:\/\/marekwarski.pl\/index.php?rest_route=\/wp\/v2\/pages\/2385\/revisions\/2672"}],"wp:attachment":[{"href":"https:\/\/marekwarski.pl\/index.php?rest_route=%2Fwp%2Fv2%2Fmedia&parent=2385"}],"curies":[{"name":"wp","href":"https:\/\/api.w.org\/{rel}","templated":true}]}}