{"id":14,"date":"2021-11-21T15:14:19","date_gmt":"2021-11-21T15:14:19","guid":{"rendered":"http:\/\/marekwarski.pl\/home\/twvqkqwiuk\/domains\/marekwarski.pl\/public_html\/wp\/?page_id=14"},"modified":"2024-01-03T21:22:11","modified_gmt":"2024-01-03T21:22:11","slug":"wskazania-do-terapii","status":"publish","type":"page","link":"https:\/\/marekwarski.pl\/?page_id=14","title":{"rendered":"Wskazania do terapii"},"content":{"rendered":"\t\t<div data-elementor-type=\"wp-page\" data-elementor-id=\"14\" class=\"elementor elementor-14\">\n\t\t\t\t<div class=\"elementor-element elementor-element-4094ee7 e-flex e-con-boxed e-con e-parent\" data-id=\"4094ee7\" data-element_type=\"container\" data-e-type=\"container\" data-settings=\"{&quot;background_background&quot;:&quot;classic&quot;}\">\n\t\t\t\t\t<div class=\"e-con-inner\">\n\t\t<div class=\"elementor-element elementor-element-8695738 e-con-full e-flex e-con e-child\" data-id=\"8695738\" data-element_type=\"container\" data-e-type=\"container\">\n\t\t\t\t<div class=\"elementor-element elementor-element-2646c9c elementor-widget elementor-widget-heading\" data-id=\"2646c9c\" data-element_type=\"widget\" data-e-type=\"widget\" data-widget_type=\"heading.default\">\n\t\t\t\t<div class=\"elementor-widget-container\">\n\t\t\t\t\t<h1 class=\"elementor-heading-title elementor-size-default\">wskazania do psychoterapii indywidualnej<\/h1>\t\t\t\t<\/div>\n\t\t\t\t<\/div>\n\t\t\t\t<\/div>\n\t\t\t\t\t<\/div>\n\t\t\t\t<\/div>\n\t\t<div class=\"elementor-element elementor-element-cae5608 e-flex e-con-boxed e-con e-parent\" data-id=\"cae5608\" data-element_type=\"container\" data-e-type=\"container\" data-settings=\"{&quot;background_background&quot;:&quot;classic&quot;}\">\n\t\t\t\t\t<div class=\"e-con-inner\">\n\t\t\t\t<div class=\"elementor-element elementor-element-0537fce elementor-widget-divider--view-line elementor-widget elementor-widget-divider\" data-id=\"0537fce\" data-element_type=\"widget\" data-e-type=\"widget\" data-widget_type=\"divider.default\">\n\t\t\t\t<div class=\"elementor-widget-container\">\n\t\t\t\t\t\t\t<div class=\"elementor-divider\">\n\t\t\t<span class=\"elementor-divider-separator\">\n\t\t\t\t\t\t<\/span>\n\t\t<\/div>\n\t\t\t\t\t\t<\/div>\n\t\t\t\t<\/div>\n\t\t\t\t\t<\/div>\n\t\t\t\t<\/div>\n\t\t<div class=\"elementor-element elementor-element-e90f62c e-flex e-con-boxed e-con e-parent\" data-id=\"e90f62c\" data-element_type=\"container\" data-e-type=\"container\">\n\t\t\t\t\t<div class=\"e-con-inner\">\n\t\t<div class=\"elementor-element elementor-element-0c682a2 e-con-full e-flex e-con e-child\" data-id=\"0c682a2\" data-element_type=\"container\" data-e-type=\"container\">\n\t\t\t\t<div class=\"elementor-element elementor-element-cc91ee5 animated-slow elementor-invisible elementor-widget elementor-widget-image\" data-id=\"cc91ee5\" data-element_type=\"widget\" data-e-type=\"widget\" data-settings=\"{&quot;_animation&quot;:&quot;fadeIn&quot;}\" data-widget_type=\"image.default\">\n\t\t\t\t<div class=\"elementor-widget-container\">\n\t\t\t\t\t\t\t\t\t\t\t\t\t\t\t<img fetchpriority=\"high\" decoding=\"async\" width=\"2560\" height=\"1920\" src=\"https:\/\/marekwarski.pl\/wp-content\/uploads\/2023\/12\/P1310814-copy-scaled.jpg\" class=\"attachment-full size-full wp-image-1910\" alt=\"\" srcset=\"https:\/\/marekwarski.pl\/wp-content\/uploads\/2023\/12\/P1310814-copy-scaled.jpg 2560w, https:\/\/marekwarski.pl\/wp-content\/uploads\/2023\/12\/P1310814-copy-300x225.jpg 300w, https:\/\/marekwarski.pl\/wp-content\/uploads\/2023\/12\/P1310814-copy-1024x768.jpg 1024w, https:\/\/marekwarski.pl\/wp-content\/uploads\/2023\/12\/P1310814-copy-768x576.jpg 768w, https:\/\/marekwarski.pl\/wp-content\/uploads\/2023\/12\/P1310814-copy-1536x1152.jpg 1536w, https:\/\/marekwarski.pl\/wp-content\/uploads\/2023\/12\/P1310814-copy-2048x1536.jpg 2048w\" sizes=\"(max-width: 2560px) 100vw, 2560px\" \/>\t\t\t\t\t\t\t\t\t\t\t\t\t\t\t<\/div>\n\t\t\t\t<\/div>\n\t\t\t\t<\/div>\n\t\t<div class=\"elementor-element elementor-element-b29abee e-con-full e-flex e-con e-child\" data-id=\"b29abee\" data-element_type=\"container\" data-e-type=\"container\">\n\t\t\t\t<div class=\"elementor-element elementor-element-f095111 elementor-widget elementor-widget-heading\" data-id=\"f095111\" data-element_type=\"widget\" data-e-type=\"widget\" data-widget_type=\"heading.default\">\n\t\t\t\t<div class=\"elementor-widget-container\">\n\t\t\t\t\t<h2 class=\"elementor-heading-title elementor-size-default\">psychoterapia indywidualna<\/h2>\t\t\t\t<\/div>\n\t\t\t\t<\/div>\n\t\t\t\t<div class=\"elementor-element elementor-element-5990b83 elementor-widget elementor-widget-text-editor\" data-id=\"5990b83\" data-element_type=\"widget\" data-e-type=\"widget\" data-widget_type=\"text-editor.default\">\n\t\t\t\t<div class=\"elementor-widget-container\">\n\t\t\t\t\t\t\t\t\t<p>warta jest rozwa\u017cenia, gdy problemy codziennego \u017cycia mno\u017c\u0105 si\u0119 w spos\u00f3b, kt\u00f3ry przysparza trudu w postaci b\u00f3lu psychicznego, nierzadko objawiaj\u0105cego si\u0119 w emocjach takich jak smutek, l\u0119k, wstyd, z\u0142o\u015b\u0107, poczucie winy. <\/p><p>\u00a0<\/p><p>\u00a0<\/p><p>Niekiedy nasze odczucie przybiera posta\u0107 bardziej rezygnacji ni\u017c b\u00f3lu i to tak\u017ce mo\u017ce by\u0107 papierek lakmusowy kt\u00f3ry wskazuje, \u017ce nasza sytuacja \u017cyciowa w jakim\u015b obszarze (a mo\u017ce w kilku) jest trudna. Je\u015bli mimo wszystko pr\u00f3bujemy podejmowa\u0107 zmiany, staramy si\u0119 naprawia\u0107 to co wiemy, \u017ce nie dzia\u0142a a mimo to nasza sytuacja nie zmienia si\u0119, warto rozwa\u017cy\u0107 psychoterapi\u0119.<\/p><p>\u00a0<\/p><p>\u00a0<\/p><p>Przes\u0142ank\u0105 mo\u017ce by\u0107 r\u00f3wnie\u017c sytuacja, gdy nasza rodzina, przyjaciele czy znajomi wci\u0105\u017c zwracaj\u0105 uwag\u0119 na nasze problemy, cho\u0107 my sami ich nie widzimy. Na jakim\u015b poziomie przeczuwamy jednak, \u017ce co\u015b w naszym \u017cyciu szwankuje.<\/p><p>\u00a0<\/p>\t\t\t\t\t\t\t\t<\/div>\n\t\t\t\t<\/div>\n\t\t\t\t<\/div>\n\t\t\t\t\t<\/div>\n\t\t\t\t<\/div>\n\t\t<div class=\"elementor-element elementor-element-ac153da e-flex e-con-boxed e-con e-parent\" data-id=\"ac153da\" data-element_type=\"container\" data-e-type=\"container\" data-settings=\"{&quot;background_background&quot;:&quot;classic&quot;}\">\n\t\t\t\t\t<div class=\"e-con-inner\">\n\t\t\t\t<div class=\"elementor-element elementor-element-33c2a56 elementor-widget-divider--view-line elementor-widget elementor-widget-divider\" data-id=\"33c2a56\" data-element_type=\"widget\" data-e-type=\"widget\" data-widget_type=\"divider.default\">\n\t\t\t\t<div class=\"elementor-widget-container\">\n\t\t\t\t\t\t\t<div class=\"elementor-divider\">\n\t\t\t<span class=\"elementor-divider-separator\">\n\t\t\t\t\t\t<\/span>\n\t\t<\/div>\n\t\t\t\t\t\t<\/div>\n\t\t\t\t<\/div>\n\t\t\t\t\t<\/div>\n\t\t\t\t<\/div>\n\t\t<div class=\"elementor-element elementor-element-0ac6188 e-flex e-con-boxed e-con e-parent\" data-id=\"0ac6188\" data-element_type=\"container\" data-e-type=\"container\">\n\t\t\t\t\t<div class=\"e-con-inner\">\n\t\t<div class=\"elementor-element elementor-element-390a005 e-con-full e-flex e-con e-child\" data-id=\"390a005\" data-element_type=\"container\" data-e-type=\"container\">\n\t\t\t\t<div class=\"elementor-element elementor-element-5b8198e elementor-invisible elementor-widget elementor-widget-image\" data-id=\"5b8198e\" data-element_type=\"widget\" data-e-type=\"widget\" data-settings=\"{&quot;_animation&quot;:&quot;fadeIn&quot;}\" data-widget_type=\"image.default\">\n\t\t\t\t<div class=\"elementor-widget-container\">\n\t\t\t\t\t\t\t\t\t\t\t\t\t\t\t<img decoding=\"async\" width=\"768\" height=\"1024\" src=\"https:\/\/marekwarski.pl\/wp-content\/uploads\/2023\/12\/20230101_121155-768x1024.jpg\" class=\"attachment-medium_large size-medium_large wp-image-1853\" alt=\"\" srcset=\"https:\/\/marekwarski.pl\/wp-content\/uploads\/2023\/12\/20230101_121155-768x1024.jpg 768w, https:\/\/marekwarski.pl\/wp-content\/uploads\/2023\/12\/20230101_121155-225x300.jpg 225w, https:\/\/marekwarski.pl\/wp-content\/uploads\/2023\/12\/20230101_121155-1152x1536.jpg 1152w, https:\/\/marekwarski.pl\/wp-content\/uploads\/2023\/12\/20230101_121155-1536x2048.jpg 1536w, https:\/\/marekwarski.pl\/wp-content\/uploads\/2023\/12\/20230101_121155-scaled.jpg 1920w\" sizes=\"(max-width: 768px) 100vw, 768px\" \/>\t\t\t\t\t\t\t\t\t\t\t\t\t\t\t<\/div>\n\t\t\t\t<\/div>\n\t\t\t\t<\/div>\n\t\t<div class=\"elementor-element elementor-element-f373c79 e-con-full e-flex e-con e-child\" data-id=\"f373c79\" data-element_type=\"container\" data-e-type=\"container\">\n\t\t\t\t<div class=\"elementor-element elementor-element-09ccea1 elementor-widget elementor-widget-heading\" data-id=\"09ccea1\" data-element_type=\"widget\" data-e-type=\"widget\" data-widget_type=\"heading.default\">\n\t\t\t\t<div class=\"elementor-widget-container\">\n\t\t\t\t\t<h2 class=\"elementor-heading-title elementor-size-default\">psychoterapia indywidualna<\/h2>\t\t\t\t<\/div>\n\t\t\t\t<\/div>\n\t\t\t\t<div class=\"elementor-element elementor-element-4749d96 elementor-widget elementor-widget-text-editor\" data-id=\"4749d96\" data-element_type=\"widget\" data-e-type=\"widget\" data-widget_type=\"text-editor.default\">\n\t\t\t\t<div class=\"elementor-widget-container\">\n\t\t\t\t\t\t\t\t\t<p>z klinicznego punktu widzenia pomaga leczy\u0107 r\u00f3\u017cnego rodzaju zaburzenia psychiczne, kt\u00f3re utrudniaj\u0105 zwyk\u0142e codzienne funkcjonowanie. <\/p><p>\u00a0<\/p><p>\u00a0<\/p><p>Wed\u0142ug klasyfikacji zaburze\u0144 i chor\u00f3b psychicznych ICD-11 oraz DSM 5 mo\u017cna w\u015br\u00f3d tych zaburze\u0144 wyr\u00f3\u017cni\u0107 m.in: zaburzenia nerwicowe,\u00a0zaburzenia nastroju,\u00a0zaburzenia osobowo\u015bci \u2013 np. zaburzenie narcystyczne, typu borderline, zaburzenia i dysfunkcje seksualne, zaburzenia psychotyczne, napi\u0119cia psychiczne ujawniaj\u0105ce si\u0119 w dolegliwo\u015bciach cia\u0142a, problemy w relacjach z innymi osobami.<\/p><p>\u00a0<\/p>\t\t\t\t\t\t\t\t<\/div>\n\t\t\t\t<\/div>\n\t\t\t\t<\/div>\n\t\t\t\t\t<\/div>\n\t\t\t\t<\/div>\n\t\t<div class=\"elementor-element elementor-element-000d7e1 e-flex e-con-boxed e-con e-parent\" data-id=\"000d7e1\" data-element_type=\"container\" data-e-type=\"container\" data-settings=\"{&quot;background_background&quot;:&quot;classic&quot;}\">\n\t\t\t\t\t<div class=\"e-con-inner\">\n\t\t\t\t<div class=\"elementor-element elementor-element-d457d44 elementor-widget-divider--view-line elementor-widget elementor-widget-divider\" data-id=\"d457d44\" data-element_type=\"widget\" data-e-type=\"widget\" data-widget_type=\"divider.default\">\n\t\t\t\t<div class=\"elementor-widget-container\">\n\t\t\t\t\t\t\t<div class=\"elementor-divider\">\n\t\t\t<span class=\"elementor-divider-separator\">\n\t\t\t\t\t\t<\/span>\n\t\t<\/div>\n\t\t\t\t\t\t<\/div>\n\t\t\t\t<\/div>\n\t\t\t\t\t<\/div>\n\t\t\t\t<\/div>\n\t\t<div class=\"elementor-element elementor-element-367cfa2 e-flex e-con-boxed e-con e-parent\" data-id=\"367cfa2\" data-element_type=\"container\" data-e-type=\"container\">\n\t\t\t\t\t<div class=\"e-con-inner\">\n\t\t<div class=\"elementor-element elementor-element-d3e319e e-con-full e-flex e-con e-child\" data-id=\"d3e319e\" data-element_type=\"container\" data-e-type=\"container\">\n\t\t\t\t<div class=\"elementor-element elementor-element-ae05b1a elementor-invisible elementor-widget elementor-widget-image\" data-id=\"ae05b1a\" data-element_type=\"widget\" data-e-type=\"widget\" data-settings=\"{&quot;_animation&quot;:&quot;fadeIn&quot;}\" data-widget_type=\"image.default\">\n\t\t\t\t<div class=\"elementor-widget-container\">\n\t\t\t\t\t\t\t\t\t\t\t\t\t\t\t<img decoding=\"async\" width=\"1920\" height=\"2560\" src=\"https:\/\/marekwarski.pl\/wp-content\/uploads\/2023\/12\/pexels-jedrzej-koralewski-13696892-scaled.jpg\" class=\"attachment-full size-full wp-image-2091\" alt=\"\" srcset=\"https:\/\/marekwarski.pl\/wp-content\/uploads\/2023\/12\/pexels-jedrzej-koralewski-13696892-scaled.jpg 1920w, https:\/\/marekwarski.pl\/wp-content\/uploads\/2023\/12\/pexels-jedrzej-koralewski-13696892-225x300.jpg 225w, https:\/\/marekwarski.pl\/wp-content\/uploads\/2023\/12\/pexels-jedrzej-koralewski-13696892-768x1024.jpg 768w, https:\/\/marekwarski.pl\/wp-content\/uploads\/2023\/12\/pexels-jedrzej-koralewski-13696892-1152x1536.jpg 1152w, https:\/\/marekwarski.pl\/wp-content\/uploads\/2023\/12\/pexels-jedrzej-koralewski-13696892-1536x2048.jpg 1536w\" sizes=\"(max-width: 1920px) 100vw, 1920px\" \/>\t\t\t\t\t\t\t\t\t\t\t\t\t\t\t<\/div>\n\t\t\t\t<\/div>\n\t\t\t\t<\/div>\n\t\t<div class=\"elementor-element elementor-element-cb15654 e-con-full e-flex e-con e-child\" data-id=\"cb15654\" data-element_type=\"container\" data-e-type=\"container\">\n\t\t\t\t<div class=\"elementor-element elementor-element-6f0de05 elementor-widget elementor-widget-heading\" data-id=\"6f0de05\" data-element_type=\"widget\" data-e-type=\"widget\" data-widget_type=\"heading.default\">\n\t\t\t\t<div class=\"elementor-widget-container\">\n\t\t\t\t\t<h2 class=\"elementor-heading-title elementor-size-default\">zaburzenia psychiczne<\/h2>\t\t\t\t<\/div>\n\t\t\t\t<\/div>\n\t\t\t\t<div class=\"elementor-element elementor-element-fd6dba9 elementor-widget elementor-widget-text-editor\" data-id=\"fd6dba9\" data-element_type=\"widget\" data-e-type=\"widget\" data-widget_type=\"text-editor.default\">\n\t\t\t\t<div class=\"elementor-widget-container\">\n\t\t\t\t\t\t\t\t\t<p>mog\u0105 by\u0107 \u017ar\u00f3d\u0142em wielu r\u00f3\u017cnych objaw\u00f3w, z kt\u00f3rych najcz\u0119\u015bciej spotykane to:<\/p><ul><li>fobie, obsesje, napady l\u0119ku, ataki paniki, oraz kompulsje itp. (tzw. nerwice),<\/li><li>niska samoocena i trudno\u015b\u0107 w akceptacji samego siebie, problemy w relacjach z innymi,<\/li><li>wahania nastroju, poczucie pustki i zagubienia w \u017cyciu &#8211; depresja<\/li><li>r\u00f3\u017cne formy autoagresji (np. samookaleczanie, tendencje samob\u00f3jcze, prostytucja),<\/li><li>trudno\u015bci w kontrolowaniu w\u0142asnych my\u015bli, emocji uczu\u0107 oraz zachowa\u0144,<\/li><li>brak satysfakcji w \u017cyciu seksualnym,<\/li><li>zaburzenia od\u017cywiania,<\/li><li>nawracaj\u0105ce prze\u017cywanie traum z przesz\u0142o\u015bci (np. wykorzystania seksualnego, przemocy),<\/li><li>nieumiej\u0119tno\u015b\u0107 prze\u017cycia \u015bmierci bliskich &#8211; \u017ca\u0142oby lub pogodzenia si\u0119 z wa\u017cnymi \u017cyciowymi stratami,<\/li><li>bariery w budowaniu i utrzymaniu trwa\u0142ego zwi\u0105zku, kryzysy w zwi\u0105zku i ma\u0142\u017ce\u0144stwie, problemy z dzie\u0107mi,<\/li><li>trudno\u015bci w pracy i \u017cyciu zawodowym &#8211; wypalenie zawodowe, nieskuteczno\u015b\u0107 w znalezieniu lub utrzymaniu pracy,<\/li><li>poczucie pustki duchowej &#8211; kryzys wiary.<\/li><\/ul>\t\t\t\t\t\t\t\t<\/div>\n\t\t\t\t<\/div>\n\t\t\t\t<\/div>\n\t\t\t\t\t<\/div>\n\t\t\t\t<\/div>\n\t\t<div class=\"elementor-element elementor-element-504a677 e-flex e-con-boxed e-con e-parent\" data-id=\"504a677\" data-element_type=\"container\" data-e-type=\"container\" data-settings=\"{&quot;background_background&quot;:&quot;classic&quot;}\">\n\t\t\t\t\t<div class=\"e-con-inner\">\n\t\t\t\t<div class=\"elementor-element elementor-element-1074e2c elementor-widget-divider--view-line elementor-widget elementor-widget-divider\" data-id=\"1074e2c\" data-element_type=\"widget\" data-e-type=\"widget\" data-widget_type=\"divider.default\">\n\t\t\t\t<div class=\"elementor-widget-container\">\n\t\t\t\t\t\t\t<div class=\"elementor-divider\">\n\t\t\t<span class=\"elementor-divider-separator\">\n\t\t\t\t\t\t<\/span>\n\t\t<\/div>\n\t\t\t\t\t\t<\/div>\n\t\t\t\t<\/div>\n\t\t\t\t\t<\/div>\n\t\t\t\t<\/div>\n\t\t\t\t<section class=\"elementor-section elementor-top-section elementor-element elementor-element-1852172 elementor-section-content-middle elementor-section-boxed elementor-section-height-default elementor-section-height-default\" data-id=\"1852172\" data-element_type=\"section\" data-e-type=\"section\" data-settings=\"{&quot;background_background&quot;:&quot;classic&quot;}\">\n\t\t\t\t\t\t<div class=\"elementor-container elementor-column-gap-default\">\n\t\t\t\t\t<div class=\"elementor-column elementor-col-100 elementor-top-column elementor-element elementor-element-2ea1e04\" data-id=\"2ea1e04\" data-element_type=\"column\" data-e-type=\"column\">\n\t\t\t<div class=\"elementor-widget-wrap elementor-element-populated\">\n\t\t\t\t\t\t<div class=\"elementor-element elementor-element-c6994b9 elementor-widget elementor-widget-heading\" data-id=\"c6994b9\" data-element_type=\"widget\" data-e-type=\"widget\" data-widget_type=\"heading.default\">\n\t\t\t\t<div class=\"elementor-widget-container\">\n\t\t\t\t\t<h2 class=\"elementor-heading-title elementor-size-default\">Zapraszam do kontaktu<\/h2>\t\t\t\t<\/div>\n\t\t\t\t<\/div>\n\t\t\t\t<div class=\"elementor-element elementor-element-7c89d07 elementor-widget elementor-widget-text-editor\" data-id=\"7c89d07\" data-element_type=\"widget\" data-e-type=\"widget\" data-widget_type=\"text-editor.default\">\n\t\t\t\t<div class=\"elementor-widget-container\">\n\t\t\t\t\t\t\t\t\t<p>Je\u015bli znajdujesz si\u0119 trudnej \u017cyciowo sytuacji, zmagasz si\u0119 z trudn\u0105 decyzj\u0105 lub problemami i nie masz pewno\u015bci, czy wpisuj\u0105 si\u0119 one w zalecenia do psychoterapii indywidualnej, zapraszam na konsultacj\u0119. Do 3-4 pierwszych spotka\u0144 pozwala podj\u0105\u0107 decyzj\u0119 o wsp\u00f3\u0142pracy <\/p>\t\t\t\t\t\t\t\t<\/div>\n\t\t\t\t<\/div>\n\t\t\t\t<div class=\"elementor-element elementor-element-04b261a elementor-align-center elementor-widget elementor-widget-button\" data-id=\"04b261a\" data-element_type=\"widget\" data-e-type=\"widget\" data-widget_type=\"button.default\">\n\t\t\t\t<div class=\"elementor-widget-container\">\n\t\t\t\t\t\t\t\t\t<div class=\"elementor-button-wrapper\">\n\t\t\t\t\t<a class=\"elementor-button elementor-button-link elementor-size-sm\" href=\"#informacje%20kontaktowe\">\n\t\t\t\t\t\t<span class=\"elementor-button-content-wrapper\">\n\t\t\t\t\t\t\t\t\t<span class=\"elementor-button-text\">Kontakt ze mn\u0105<\/span>\n\t\t\t\t\t<\/span>\n\t\t\t\t\t<\/a>\n\t\t\t\t<\/div>\n\t\t\t\t\t\t\t\t<\/div>\n\t\t\t\t<\/div>\n\t\t\t\t\t<\/div>\n\t\t<\/div>\n\t\t\t\t\t<\/div>\n\t\t<\/section>\n\t\t\t\t<\/div>\n\t\t","protected":false},"excerpt":{"rendered":"<p>wskazania do psychoterapii indywidualnej psychoterapia indywidualna warta jest rozwa\u017cenia, gdy problemy codziennego \u017cycia mno\u017c\u0105 si\u0119 w spos\u00f3b, kt\u00f3ry przysparza trudu w postaci b\u00f3lu psychicznego, nierzadko objawiaj\u0105cego si\u0119 w emocjach takich jak smutek, l\u0119k, wstyd, z\u0142o\u015b\u0107, poczucie winy. \u00a0 \u00a0 Niekiedy nasze odczucie przybiera posta\u0107 bardziej rezygnacji ni\u017c b\u00f3lu i to tak\u017ce mo\u017ce by\u0107 papierek lakmusowy [&hellip;]<\/p>\n","protected":false},"author":1,"featured_media":0,"parent":0,"menu_order":0,"comment_status":"closed","ping_status":"closed","template":"","meta":{"site-sidebar-layout":"no-sidebar","site-content-layout":"page-builder","ast-site-content-layout":"","site-content-style":"default","site-sidebar-style":"default","ast-global-header-display":"","ast-banner-title-visibility":"","ast-main-header-display":"","ast-hfb-above-header-display":"","ast-hfb-below-header-display":"","ast-hfb-mobile-header-display":"","site-post-title":"disabled","ast-breadcrumbs-content":"","ast-featured-img":"disabled","footer-sml-layout":"","theme-transparent-header-meta":"enabled","adv-header-id-meta":"","stick-header-meta":"","header-above-stick-meta":"","header-main-stick-meta":"","header-below-stick-meta":"","astra-migrate-meta-layouts":"default","ast-page-background-enabled":"default","ast-page-background-meta":{"desktop":{"background-color":"var(--ast-global-color-4)","background-image":"","background-repeat":"repeat","background-position":"center center","background-size":"auto","background-attachment":"scroll","background-type":"","background-media":"","overlay-type":"","overlay-color":"","overlay-opacity":"","overlay-gradient":""},"tablet":{"background-color":"","background-image":"","background-repeat":"repeat","background-position":"center center","background-size":"auto","background-attachment":"scroll","background-type":"","background-media":"","overlay-type":"","overlay-color":"","overlay-opacity":"","overlay-gradient":""},"mobile":{"background-color":"","background-image":"","background-repeat":"repeat","background-position":"center center","background-size":"auto","background-attachment":"scroll","background-type":"","background-media":"","overlay-type":"","overlay-color":"","overlay-opacity":"","overlay-gradient":""}},"ast-content-background-meta":{"desktop":{"background-color":"var(--ast-global-color-5)","background-image":"","background-repeat":"repeat","background-position":"center center","background-size":"auto","background-attachment":"scroll","background-type":"","background-media":"","overlay-type":"","overlay-color":"","overlay-opacity":"","overlay-gradient":""},"tablet":{"background-color":"var(--ast-global-color-5)","background-image":"","background-repeat":"repeat","background-position":"center center","background-size":"auto","background-attachment":"scroll","background-type":"","background-media":"","overlay-type":"","overlay-color":"","overlay-opacity":"","overlay-gradient":""},"mobile":{"background-color":"var(--ast-global-color-5)","background-image":"","background-repeat":"repeat","background-position":"center center","background-size":"auto","background-attachment":"scroll","background-type":"","background-media":"","overlay-type":"","overlay-color":"","overlay-opacity":"","overlay-gradient":""}},"footnotes":""},"class_list":["post-14","page","type-page","status-publish","hentry"],"_links":{"self":[{"href":"https:\/\/marekwarski.pl\/index.php?rest_route=\/wp\/v2\/pages\/14","targetHints":{"allow":["GET"]}}],"collection":[{"href":"https:\/\/marekwarski.pl\/index.php?rest_route=\/wp\/v2\/pages"}],"about":[{"href":"https:\/\/marekwarski.pl\/index.php?rest_route=\/wp\/v2\/types\/page"}],"author":[{"embeddable":true,"href":"https:\/\/marekwarski.pl\/index.php?rest_route=\/wp\/v2\/users\/1"}],"replies":[{"embeddable":true,"href":"https:\/\/marekwarski.pl\/index.php?rest_route=%2Fwp%2Fv2%2Fcomments&post=14"}],"version-history":[{"count":92,"href":"https:\/\/marekwarski.pl\/index.php?rest_route=\/wp\/v2\/pages\/14\/revisions"}],"predecessor-version":[{"id":2616,"href":"https:\/\/marekwarski.pl\/index.php?rest_route=\/wp\/v2\/pages\/14\/revisions\/2616"}],"wp:attachment":[{"href":"https:\/\/marekwarski.pl\/index.php?rest_route=%2Fwp%2Fv2%2Fmedia&parent=14"}],"curies":[{"name":"wp","href":"https:\/\/api.w.org\/{rel}","templated":true}]}}